{"id":57,"date":"2023-06-13T16:48:23","date_gmt":"2023-06-13T19:48:23","guid":{"rendered":"https:\/\/loscoffee.com.br\/?page_id=57"},"modified":"2023-06-22T23:30:57","modified_gmt":"2023-06-23T02:30:57","slug":"los-coffee","status":"publish","type":"page","link":"https:\/\/loscoffee.com.br\/","title":{"rendered":"Los Coffee tudo sobre caf\u00e9"},"content":{"rendered":"<h2>Bem vindos<\/h2>\n<p>Los Coffee o seu site de refer\u00eancia sobre tudo o que acontece no mundo do caf\u00e9. Aqui voc\u00ea vai encontrar as \u00faltimas novidades sobre o mercado cafeeiro, as melhores dicas, curiosidades e os benef\u00edcios do gr\u00e3o mais consumido do planeta.<\/p>\n<p>O Los Coffee nasceu da paix\u00e3o de uma ba<span style=\"font-size: 16px;\">rista com v\u00e1ria<\/span><span style=\"font-size: 16px;\">s forma\u00e7\u00f5es no ramo e um coffeelover , que decidiu compartilhar seu conhecimento e experi\u00eancias com outros amantes da bebida. O objetivo \u00e9 informar, educar e entreter os nossos leitores com conte\u00fado de qualidade, mantendo voc\u00eas sempre atualizados com as noticias do mundo inteiro. No entanto<\/span><span style=\"font-size: 16px;\">\u00a0se voc\u00ea \u00e9 um coffeelover ou apenas um curioso, este \u00e9 o lugar certo para voc\u00ea,<\/span><span style=\"font-size: 16px;\"> aqui voc\u00ea vai encontrar dicas de como preparar um bom caf\u00e9 em casa, curiosidades sobre a hist\u00f3ria e a cultura do caf\u00e9, recomenda\u00e7\u00f5es de cafeterias e lojas especializadas, e muito mais.<\/span> Acima de tudo q<span style=\"font-size: 16px;\">ueremos que voc\u00ea se sinta parte da nossa comunidade de amantes do caf\u00e9 e que descubra novas formas de aproveitar essa bebida maravilhosa.\u00a0<\/span><\/p>\n<p><img loading=\"lazy\" decoding=\"async\" class=\"alignnone wp-image-34\" style=\"font-weight: inherit;\" src=\"https:\/\/loscoffee.com.br\/wp-content\/uploads\/2023\/06\/1fde24f3-3b4b-4e3e-90dd-11efaac875ec-300x300.jpg\" alt=\"\" width=\"250\" height=\"250\" srcset=\"https:\/\/loscoffee.com.br\/wp-content\/uploads\/2023\/06\/1fde24f3-3b4b-4e3e-90dd-11efaac875ec-300x300.jpg 300w, https:\/\/loscoffee.com.br\/wp-content\/uploads\/2023\/06\/1fde24f3-3b4b-4e3e-90dd-11efaac875ec-150x150.jpg 150w, https:\/\/loscoffee.com.br\/wp-content\/uploads\/2023\/06\/1fde24f3-3b4b-4e3e-90dd-11efaac875ec-768x768.jpg 768w, https:\/\/loscoffee.com.br\/wp-content\/uploads\/2023\/06\/1fde24f3-3b4b-4e3e-90dd-11efaac875ec.jpg 1024w\" sizes=\"(max-width: 250px) 100vw, 250px\" \/><\/p>\n<p>Neste site, voc\u00ea vai poder acompanhar as not\u00edcias sobre a produ\u00e7\u00e3o, o com\u00e9rcio e o consumo de caf\u00e9 no Brasil e no mundo, al\u00e9m de conhecer as tend\u00eancias e as inova\u00e7\u00f5es do<span style=\"font-size: 16px;\"> setor.Da mesma forma voc\u00ea tamb\u00e9m vai aprender mais sobre as diferentes variedades, origens e m\u00e9todos de preparo do caf\u00e9, e como escolher o melhor produto para o seu paladar. E ainda vai descobrir os eventos e as hist\u00f3rias que envolvem o universo cafeeiro.<\/span><\/p>\n<p><img loading=\"lazy\" decoding=\"async\" class=\"alignnone wp-image-35\" style=\"font-weight: inherit;\" src=\"https:\/\/loscoffee.com.br\/wp-content\/uploads\/2023\/06\/279be700-8910-4b34-953d-045926f5f056-300x300.jpg\" alt=\"\" width=\"250\" height=\"250\" srcset=\"https:\/\/loscoffee.com.br\/wp-content\/uploads\/2023\/06\/279be700-8910-4b34-953d-045926f5f056-300x300.jpg 300w, https:\/\/loscoffee.com.br\/wp-content\/uploads\/2023\/06\/279be700-8910-4b34-953d-045926f5f056-150x150.jpg 150w, https:\/\/loscoffee.com.br\/wp-content\/uploads\/2023\/06\/279be700-8910-4b34-953d-045926f5f056-768x768.jpg 768w, https:\/\/loscoffee.com.br\/wp-content\/uploads\/2023\/06\/279be700-8910-4b34-953d-045926f5f056.jpg 1024w\" sizes=\"(max-width: 250px) 100vw, 250px\" \/><\/p>\n<h5>O Los Coffee \u00e9 um site feito por e para apaixonados por caf\u00e9. Por isso, queremos ouvir a sua opini\u00e3o, sugest\u00e3o e cr\u00edtica sobre o nosso trabalho. Voc\u00ea pode entrar em contato conosco pelo nosso <a href=\"https:\/\/mail.google.com\/mail\/u\/0\/#inbox?compose=GTvVlcSBpgcljmthLhwvtzHWTgrSSBVjSBJlFvtSJfbSBWwcTSdVRxfFrfKRzDmfZdhhrhbQmfxNq\" target=\"_blank\" rel=\"noopener\">e-mail<\/a> ou pelas nossas redes sociais. Estamos sempre abertos ao di\u00e1logo e \u00e0 intera\u00e7\u00e3o com os nossos leitores.<\/h5>\n<h5><img loading=\"lazy\" decoding=\"async\" class=\"alignnone wp-image-36\" style=\"font-size: 16px;\" src=\"https:\/\/loscoffee.com.br\/wp-content\/uploads\/2023\/06\/e97f667d-16e7-4471-97e9-3d10d0381f2c-300x300.jpg\" alt=\"\" width=\"250\" height=\"250\" srcset=\"https:\/\/loscoffee.com.br\/wp-content\/uploads\/2023\/06\/e97f667d-16e7-4471-97e9-3d10d0381f2c-300x300.jpg 300w, https:\/\/loscoffee.com.br\/wp-content\/uploads\/2023\/06\/e97f667d-16e7-4471-97e9-3d10d0381f2c-150x150.jpg 150w, https:\/\/loscoffee.com.br\/wp-content\/uploads\/2023\/06\/e97f667d-16e7-4471-97e9-3d10d0381f2c-768x768.jpg 768w, https:\/\/loscoffee.com.br\/wp-content\/uploads\/2023\/06\/e97f667d-16e7-4471-97e9-3d10d0381f2c.jpg 1024w\" sizes=\"(max-width: 250px) 100vw, 250px\" \/><\/h5>\n<p><span style=\"font-size: 12pt;\">Esperamos que voc\u00ea aproveite o nosso conte\u00fado e que ele seja \u00fatil e inspirador para voc\u00ea. Mas lembre-se: uma boa x\u00edcara de caf\u00e9 \u00e9 sempre uma boa companhia.<\/span><\/p>\n<p><span style=\"font-size: 12pt;\">Ent\u00e3o, pegue a sua x\u00edcara favorita e venha se juntar a n\u00f3s nessa aventura pelo mundo do caf\u00e9.<\/span><\/p>\n<p>Obrigado pela sua visita e volte sempre!<\/p>\n","protected":false},"excerpt":{"rendered":"<p>Bem vindos Los Coffee o seu site de refer\u00eancia sobre tudo o que acontece no mundo do caf\u00e9. Aqui voc\u00ea vai encontrar as \u00faltimas novidades sobre o mercado cafeeiro, as melhores dicas, curiosidades e os benef\u00edcios do gr\u00e3o mais consumido do planeta. O Los Coffee nasceu da paix\u00e3o de uma barista com v\u00e1rias forma\u00e7\u00f5es no&#8230;<\/p>\n","protected":false},"author":1,"featured_media":67,"parent":0,"menu_order":0,"comment_status":"closed","ping_status":"closed","template":"","meta":{"footnotes":""},"class_list":["post-57","page","type-page","status-publish","has-post-thumbnail","hentry"],"yoast_head":"<!-- This site is optimized with the Yoast SEO plugin v21.8 - https:\/\/yoast.com\/wordpress\/plugins\/seo\/ -->\n<title>Los Coffee tudo sobre caf\u00e9 - Tudo sobre caf\u00e9<\/title>\n<meta name=\"description\" content=\"Bem vindos\u00a0ao Los Coffee, o seu site de refer\u00eancia sobre tudo o que acontece no mundo do caf\u00e9. Aqui voc\u00ea vai encontrar as \u00faltimas novidades\" \/>\n<meta name=\"robots\" content=\"index, follow, max-snippet:-1, max-image-preview:large, max-video-preview:-1\" \/>\n<link rel=\"canonical\" href=\"https:\/\/loscoffee.com.br\/\" \/>\n<meta property=\"og:locale\" content=\"en_US\" \/>\n<meta property=\"og:type\" content=\"article\" \/>\n<meta property=\"og:title\" content=\"Los Coffee tudo sobre caf\u00e9 - Tudo sobre caf\u00e9\" \/>\n<meta property=\"og:description\" content=\"Bem vindos\u00a0ao Los Coffee, o seu site de refer\u00eancia sobre tudo o que acontece no mundo do caf\u00e9. Aqui voc\u00ea vai encontrar as \u00faltimas novidades\" \/>\n<meta property=\"og:url\" content=\"https:\/\/loscoffee.com.br\/\" \/>\n<meta property=\"og:site_name\" content=\"Tudo sobre caf\u00e9\" \/>\n<meta property=\"article:modified_time\" content=\"2023-06-23T02:30:57+00:00\" \/>\n<meta property=\"og:image\" content=\"https:\/\/loscoffee.com.br\/wp-content\/uploads\/2023\/06\/21-e1687487147322.jpg\" \/>\n\t<meta property=\"og:image:width\" content=\"648\" \/>\n\t<meta property=\"og:image:height\" content=\"204\" \/>\n\t<meta property=\"og:image:type\" content=\"image\/jpeg\" \/>\n<meta name=\"twitter:card\" content=\"summary_large_image\" \/>\n<meta name=\"twitter:label1\" content=\"Est. reading time\" \/>\n\t<meta name=\"twitter:data1\" content=\"3 minutes\" \/>\n<script type=\"application\/ld+json\" class=\"yoast-schema-graph\">{\"@context\":\"https:\/\/schema.org\",\"@graph\":[{\"@type\":\"WebPage\",\"@id\":\"https:\/\/loscoffee.com.br\/\",\"url\":\"https:\/\/loscoffee.com.br\/\",\"name\":\"Los Coffee tudo sobre caf\u00e9 - Tudo sobre caf\u00e9\",\"isPartOf\":{\"@id\":\"https:\/\/loscoffee.com.br\/#website\"},\"datePublished\":\"2023-06-13T19:48:23+00:00\",\"dateModified\":\"2023-06-23T02:30:57+00:00\",\"description\":\"Bem vindos\u00a0ao Los Coffee, o seu site de refer\u00eancia sobre tudo o que acontece no mundo do caf\u00e9. Aqui voc\u00ea vai encontrar as \u00faltimas novidades\",\"breadcrumb\":{\"@id\":\"https:\/\/loscoffee.com.br\/#breadcrumb\"},\"inLanguage\":\"en-US\",\"potentialAction\":[{\"@type\":\"ReadAction\",\"target\":[\"https:\/\/loscoffee.com.br\/\"]}]},{\"@type\":\"BreadcrumbList\",\"@id\":\"https:\/\/loscoffee.com.br\/#breadcrumb\",\"itemListElement\":[{\"@type\":\"ListItem\",\"position\":1,\"name\":\"In\u00edcio\",\"item\":\"https:\/\/loscoffee.com.br\/\"},{\"@type\":\"ListItem\",\"position\":2,\"name\":\"Los Coffee tudo sobre caf\u00e9\"}]},{\"@type\":\"WebSite\",\"@id\":\"https:\/\/loscoffee.com.br\/#website\",\"url\":\"https:\/\/loscoffee.com.br\/\",\"name\":\"Los coffee Tudo sobre caf\u00e9\",\"description\":\"               \",\"publisher\":{\"@id\":\"https:\/\/loscoffee.com.br\/#organization\"},\"potentialAction\":[{\"@type\":\"SearchAction\",\"target\":{\"@type\":\"EntryPoint\",\"urlTemplate\":\"https:\/\/loscoffee.com.br\/?s={search_term_string}\"},\"query-input\":\"required name=search_term_string\"}],\"inLanguage\":\"en-US\"},{\"@type\":\"Organization\",\"@id\":\"https:\/\/loscoffee.com.br\/#organization\",\"name\":\"Los Coffee\",\"url\":\"https:\/\/loscoffee.com.br\/\",\"logo\":{\"@type\":\"ImageObject\",\"inLanguage\":\"en-US\",\"@id\":\"https:\/\/loscoffee.com.br\/#\/schema\/logo\/image\/\",\"url\":\"https:\/\/loscoffee.com.br\/wp-content\/uploads\/2023\/06\/cropped-logo-black-site2-1.jpg\",\"contentUrl\":\"https:\/\/loscoffee.com.br\/wp-content\/uploads\/2023\/06\/cropped-logo-black-site2-1.jpg\",\"width\":942,\"height\":338,\"caption\":\"Los Coffee\"},\"image\":{\"@id\":\"https:\/\/loscoffee.com.br\/#\/schema\/logo\/image\/\"},\"sameAs\":[\"https:\/\/www.instagram.com\/los.coffee.oficial\/?igshid=MzRlODBiNWFIZA\"]}]}<\/script>\n<!-- \/ Yoast SEO plugin. -->","yoast_head_json":{"title":"Los Coffee tudo sobre caf\u00e9 - Tudo sobre caf\u00e9","description":"Bem vindos\u00a0ao Los Coffee, o seu site de refer\u00eancia sobre tudo o que acontece no mundo do caf\u00e9. Aqui voc\u00ea vai encontrar as \u00faltimas novidades","robots":{"index":"index","follow":"follow","max-snippet":"max-snippet:-1","max-image-preview":"max-image-preview:large","max-video-preview":"max-video-preview:-1"},"canonical":"https:\/\/loscoffee.com.br\/","og_locale":"en_US","og_type":"article","og_title":"Los Coffee tudo sobre caf\u00e9 - Tudo sobre caf\u00e9","og_description":"Bem vindos\u00a0ao Los Coffee, o seu site de refer\u00eancia sobre tudo o que acontece no mundo do caf\u00e9. Aqui voc\u00ea vai encontrar as \u00faltimas novidades","og_url":"https:\/\/loscoffee.com.br\/","og_site_name":"Tudo sobre caf\u00e9","article_modified_time":"2023-06-23T02:30:57+00:00","og_image":[{"width":648,"height":204,"url":"https:\/\/loscoffee.com.br\/wp-content\/uploads\/2023\/06\/21-e1687487147322.jpg","type":"image\/jpeg"}],"twitter_card":"summary_large_image","twitter_misc":{"Est. reading time":"3 minutes"},"schema":{"@context":"https:\/\/schema.org","@graph":[{"@type":"WebPage","@id":"https:\/\/loscoffee.com.br\/","url":"https:\/\/loscoffee.com.br\/","name":"Los Coffee tudo sobre caf\u00e9 - Tudo sobre caf\u00e9","isPartOf":{"@id":"https:\/\/loscoffee.com.br\/#website"},"datePublished":"2023-06-13T19:48:23+00:00","dateModified":"2023-06-23T02:30:57+00:00","description":"Bem vindos\u00a0ao Los Coffee, o seu site de refer\u00eancia sobre tudo o que acontece no mundo do caf\u00e9. Aqui voc\u00ea vai encontrar as \u00faltimas novidades","breadcrumb":{"@id":"https:\/\/loscoffee.com.br\/#breadcrumb"},"inLanguage":"en-US","potentialAction":[{"@type":"ReadAction","target":["https:\/\/loscoffee.com.br\/"]}]},{"@type":"BreadcrumbList","@id":"https:\/\/loscoffee.com.br\/#breadcrumb","itemListElement":[{"@type":"ListItem","position":1,"name":"In\u00edcio","item":"https:\/\/loscoffee.com.br\/"},{"@type":"ListItem","position":2,"name":"Los Coffee tudo sobre caf\u00e9"}]},{"@type":"WebSite","@id":"https:\/\/loscoffee.com.br\/#website","url":"https:\/\/loscoffee.com.br\/","name":"Los coffee Tudo sobre caf\u00e9","description":"               ","publisher":{"@id":"https:\/\/loscoffee.com.br\/#organization"},"potentialAction":[{"@type":"SearchAction","target":{"@type":"EntryPoint","urlTemplate":"https:\/\/loscoffee.com.br\/?s={search_term_string}"},"query-input":"required name=search_term_string"}],"inLanguage":"en-US"},{"@type":"Organization","@id":"https:\/\/loscoffee.com.br\/#organization","name":"Los Coffee","url":"https:\/\/loscoffee.com.br\/","logo":{"@type":"ImageObject","inLanguage":"en-US","@id":"https:\/\/loscoffee.com.br\/#\/schema\/logo\/image\/","url":"https:\/\/loscoffee.com.br\/wp-content\/uploads\/2023\/06\/cropped-logo-black-site2-1.jpg","contentUrl":"https:\/\/loscoffee.com.br\/wp-content\/uploads\/2023\/06\/cropped-logo-black-site2-1.jpg","width":942,"height":338,"caption":"Los Coffee"},"image":{"@id":"https:\/\/loscoffee.com.br\/#\/schema\/logo\/image\/"},"sameAs":["https:\/\/www.instagram.com\/los.coffee.oficial\/?igshid=MzRlODBiNWFIZA"]}]}},"_links":{"self":[{"href":"https:\/\/loscoffee.com.br\/index.php\/wp-json\/wp\/v2\/pages\/57"}],"collection":[{"href":"https:\/\/loscoffee.com.br\/index.php\/wp-json\/wp\/v2\/pages"}],"about":[{"href":"https:\/\/loscoffee.com.br\/index.php\/wp-json\/wp\/v2\/types\/page"}],"author":[{"embeddable":true,"href":"https:\/\/loscoffee.com.br\/index.php\/wp-json\/wp\/v2\/users\/1"}],"replies":[{"embeddable":true,"href":"https:\/\/loscoffee.com.br\/index.php\/wp-json\/wp\/v2\/comments?post=57"}],"version-history":[{"count":5,"href":"https:\/\/loscoffee.com.br\/index.php\/wp-json\/wp\/v2\/pages\/57\/revisions"}],"predecessor-version":[{"id":165,"href":"https:\/\/loscoffee.com.br\/index.php\/wp-json\/wp\/v2\/pages\/57\/revisions\/165"}],"wp:featuredmedia":[{"embeddable":true,"href":"https:\/\/loscoffee.com.br\/index.php\/wp-json\/wp\/v2\/media\/67"}],"wp:attachment":[{"href":"https:\/\/loscoffee.com.br\/index.php\/wp-json\/wp\/v2\/media?parent=57"}],"curies":[{"name":"wp","href":"https:\/\/api.w.org\/{rel}","templated":true}]}}