{"id":237,"date":"2023-07-20T18:50:59","date_gmt":"2023-07-20T21:50:59","guid":{"rendered":"https:\/\/loscoffee.com.br\/?page_id=237"},"modified":"2023-08-29T20:46:55","modified_gmt":"2023-08-29T23:46:55","slug":"metodos","status":"publish","type":"page","link":"https:\/\/loscoffee.com.br\/index.php\/metodos\/","title":{"rendered":"M\u00e9todos"},"content":{"rendered":"<p>O caf\u00e9 \u00e9 uma das bebidas mais consumidas e apreciadas no mundo. Mas voc\u00ea sabia que existem diferentes formas de preparar o caf\u00e9, que podem influenciar no sabor, na intensidade e na qualidade da bebida? Os m\u00e9todos de caf\u00e9 s\u00e3o as t\u00e9cnicas que utilizam diferentes tipos de equipamentos, filtros, moagens e temperaturas para extrair o melhor do gr\u00e3o. Nesta p\u00e1gina, voc\u00ea vai aprender sobre os principais m\u00e9todos de caf\u00e9, basta clicar em cima do que voc\u00ea escolher que eu vou te contar sua origem, como fazer e v\u00e1rias curiosidades.<\/p>\n<p>&nbsp;<\/p>\n<p><strong>V60<\/strong><\/p>\n<p><a href=\"https:\/\/loscoffee.com.br\/index.php\/2023\/08\/22\/v60-switch\/\"><strong>V60 Switch<\/strong><\/a><\/p>\n<p><a href=\"https:\/\/loscoffee.com.br\/index.php\/2023\/08\/22\/v60-mugen\/\"><strong>V60 Mugen<\/strong><\/a><\/p>\n<p><a href=\"https:\/\/loscoffee.com.br\/index.php\/2023\/08\/29\/Kalita\/\"><strong>Kalita<\/strong><\/a><\/p>\n<p><strong>Melitta<\/strong><\/p>\n<p><strong>Pano<\/strong><\/p>\n<p><a href=\"https:\/\/loscoffee.com.br\/index.php\/2023\/08\/22\/Siphon\/\"><strong>Siphon<\/strong><\/a><\/p>\n<p><a href=\"https:\/\/loscoffee.com.br\/index.php\/2023\/07\/09\/aeropress\/\"><strong>Aeropress<\/strong><\/a><\/p>\n<p><a href=\"https:\/\/loscoffee.com.br\/index.php\/2023\/07\/15\/koar\/\"><strong>Koar<\/strong><\/a><\/p>\n<p><a href=\"https:\/\/loscoffee.com.br\/index.php\/2023\/08\/22\/origami\/\"><strong>Origami<\/strong><\/a><\/p>\n<p><strong>Clever<\/strong><\/p>\n<p><strong>Prensa Francessa<\/strong><\/p>\n<p><a href=\"https:\/\/loscoffee.com.br\/index.php\/2023\/06\/27\/cafeteira-italiana\/\"><strong>Cafeteira Italiana<\/strong><\/a><\/p>\n<p><a href=\"https:\/\/loscoffee.com.br\/index.php\/2023\/06\/27\/chemex\/\"><strong>Chemex<\/strong><\/a><\/p>\n<p><strong>Phin<\/strong><\/p>\n<p><strong>Coffee bag<\/strong><\/p>\n<p><strong>Ibrik<\/strong><\/p>\n","protected":false},"excerpt":{"rendered":"<p>O caf\u00e9 \u00e9 uma das bebidas mais consumidas e apreciadas no mundo. Mas voc\u00ea sabia que existem diferentes formas de preparar o caf\u00e9, que podem influenciar no sabor, na intensidade e na qualidade da bebida? Os m\u00e9todos de caf\u00e9 s\u00e3o as t\u00e9cnicas que utilizam diferentes tipos de equipamentos, filtros, moagens e temperaturas para extrair o&#8230;<\/p>\n","protected":false},"author":1,"featured_media":0,"parent":0,"menu_order":0,"comment_status":"closed","ping_status":"closed","template":"","meta":{"footnotes":""},"class_list":["post-237","page","type-page","status-publish","hentry"],"yoast_head":"<!-- This site is optimized with the Yoast SEO plugin v21.8 - https:\/\/yoast.com\/wordpress\/plugins\/seo\/ -->\n<title>M\u00e9todos - Tudo sobre caf\u00e9<\/title>\n<meta name=\"description\" content=\"O caf\u00e9 \u00e9 uma das bebidas mais consumidas e apreciadas no mundo. Mas voc\u00ea sabia que existem diferentes formas de preparar o caf\u00e9, que podem...\" \/>\n<meta name=\"robots\" content=\"index, follow, max-snippet:-1, max-image-preview:large, max-video-preview:-1\" \/>\n<link rel=\"canonical\" href=\"https:\/\/loscoffee.com.br\/index.php\/metodos\/\" \/>\n<meta property=\"og:locale\" content=\"en_US\" \/>\n<meta property=\"og:type\" content=\"article\" \/>\n<meta property=\"og:title\" content=\"M\u00e9todos - Tudo sobre caf\u00e9\" \/>\n<meta property=\"og:description\" content=\"O caf\u00e9 \u00e9 uma das bebidas mais consumidas e apreciadas no mundo. Mas voc\u00ea sabia que existem diferentes formas de preparar o caf\u00e9, que podem...\" \/>\n<meta property=\"og:url\" content=\"https:\/\/loscoffee.com.br\/index.php\/metodos\/\" \/>\n<meta property=\"og:site_name\" content=\"Tudo sobre caf\u00e9\" \/>\n<meta property=\"article:modified_time\" content=\"2023-08-29T23:46:55+00:00\" \/>\n<meta name=\"twitter:card\" content=\"summary_large_image\" \/>\n<meta name=\"twitter:label1\" content=\"Est. reading time\" \/>\n\t<meta name=\"twitter:data1\" content=\"1 minute\" \/>\n<script type=\"application\/ld+json\" class=\"yoast-schema-graph\">{\"@context\":\"https:\/\/schema.org\",\"@graph\":[{\"@type\":\"WebPage\",\"@id\":\"https:\/\/loscoffee.com.br\/index.php\/metodos\/\",\"url\":\"https:\/\/loscoffee.com.br\/index.php\/metodos\/\",\"name\":\"M\u00e9todos - Tudo sobre caf\u00e9\",\"isPartOf\":{\"@id\":\"https:\/\/loscoffee.com.br\/#website\"},\"datePublished\":\"2023-07-20T21:50:59+00:00\",\"dateModified\":\"2023-08-29T23:46:55+00:00\",\"description\":\"O caf\u00e9 \u00e9 uma das bebidas mais consumidas e apreciadas no mundo. Mas voc\u00ea sabia que existem diferentes formas de preparar o caf\u00e9, que podem...\",\"breadcrumb\":{\"@id\":\"https:\/\/loscoffee.com.br\/index.php\/metodos\/#breadcrumb\"},\"inLanguage\":\"en-US\",\"potentialAction\":[{\"@type\":\"ReadAction\",\"target\":[\"https:\/\/loscoffee.com.br\/index.php\/metodos\/\"]}]},{\"@type\":\"BreadcrumbList\",\"@id\":\"https:\/\/loscoffee.com.br\/index.php\/metodos\/#breadcrumb\",\"itemListElement\":[{\"@type\":\"ListItem\",\"position\":1,\"name\":\"In\u00edcio\",\"item\":\"https:\/\/loscoffee.com.br\/\"},{\"@type\":\"ListItem\",\"position\":2,\"name\":\"M\u00e9todos\"}]},{\"@type\":\"WebSite\",\"@id\":\"https:\/\/loscoffee.com.br\/#website\",\"url\":\"https:\/\/loscoffee.com.br\/\",\"name\":\"Los coffee Tudo sobre caf\u00e9\",\"description\":\"               \",\"publisher\":{\"@id\":\"https:\/\/loscoffee.com.br\/#organization\"},\"potentialAction\":[{\"@type\":\"SearchAction\",\"target\":{\"@type\":\"EntryPoint\",\"urlTemplate\":\"https:\/\/loscoffee.com.br\/?s={search_term_string}\"},\"query-input\":\"required name=search_term_string\"}],\"inLanguage\":\"en-US\"},{\"@type\":\"Organization\",\"@id\":\"https:\/\/loscoffee.com.br\/#organization\",\"name\":\"Los Coffee\",\"url\":\"https:\/\/loscoffee.com.br\/\",\"logo\":{\"@type\":\"ImageObject\",\"inLanguage\":\"en-US\",\"@id\":\"https:\/\/loscoffee.com.br\/#\/schema\/logo\/image\/\",\"url\":\"https:\/\/loscoffee.com.br\/wp-content\/uploads\/2023\/06\/cropped-logo-black-site2-1.jpg\",\"contentUrl\":\"https:\/\/loscoffee.com.br\/wp-content\/uploads\/2023\/06\/cropped-logo-black-site2-1.jpg\",\"width\":942,\"height\":338,\"caption\":\"Los Coffee\"},\"image\":{\"@id\":\"https:\/\/loscoffee.com.br\/#\/schema\/logo\/image\/\"},\"sameAs\":[\"https:\/\/www.instagram.com\/los.coffee.oficial\/?igshid=MzRlODBiNWFIZA\"]}]}<\/script>\n<!-- \/ Yoast SEO plugin. -->","yoast_head_json":{"title":"M\u00e9todos - Tudo sobre caf\u00e9","description":"O caf\u00e9 \u00e9 uma das bebidas mais consumidas e apreciadas no mundo. Mas voc\u00ea sabia que existem diferentes formas de preparar o caf\u00e9, que podem...","robots":{"index":"index","follow":"follow","max-snippet":"max-snippet:-1","max-image-preview":"max-image-preview:large","max-video-preview":"max-video-preview:-1"},"canonical":"https:\/\/loscoffee.com.br\/index.php\/metodos\/","og_locale":"en_US","og_type":"article","og_title":"M\u00e9todos - Tudo sobre caf\u00e9","og_description":"O caf\u00e9 \u00e9 uma das bebidas mais consumidas e apreciadas no mundo. Mas voc\u00ea sabia que existem diferentes formas de preparar o caf\u00e9, que podem...","og_url":"https:\/\/loscoffee.com.br\/index.php\/metodos\/","og_site_name":"Tudo sobre caf\u00e9","article_modified_time":"2023-08-29T23:46:55+00:00","twitter_card":"summary_large_image","twitter_misc":{"Est. reading time":"1 minute"},"schema":{"@context":"https:\/\/schema.org","@graph":[{"@type":"WebPage","@id":"https:\/\/loscoffee.com.br\/index.php\/metodos\/","url":"https:\/\/loscoffee.com.br\/index.php\/metodos\/","name":"M\u00e9todos - Tudo sobre caf\u00e9","isPartOf":{"@id":"https:\/\/loscoffee.com.br\/#website"},"datePublished":"2023-07-20T21:50:59+00:00","dateModified":"2023-08-29T23:46:55+00:00","description":"O caf\u00e9 \u00e9 uma das bebidas mais consumidas e apreciadas no mundo. Mas voc\u00ea sabia que existem diferentes formas de preparar o caf\u00e9, que podem...","breadcrumb":{"@id":"https:\/\/loscoffee.com.br\/index.php\/metodos\/#breadcrumb"},"inLanguage":"en-US","potentialAction":[{"@type":"ReadAction","target":["https:\/\/loscoffee.com.br\/index.php\/metodos\/"]}]},{"@type":"BreadcrumbList","@id":"https:\/\/loscoffee.com.br\/index.php\/metodos\/#breadcrumb","itemListElement":[{"@type":"ListItem","position":1,"name":"In\u00edcio","item":"https:\/\/loscoffee.com.br\/"},{"@type":"ListItem","position":2,"name":"M\u00e9todos"}]},{"@type":"WebSite","@id":"https:\/\/loscoffee.com.br\/#website","url":"https:\/\/loscoffee.com.br\/","name":"Los coffee Tudo sobre caf\u00e9","description":"               ","publisher":{"@id":"https:\/\/loscoffee.com.br\/#organization"},"potentialAction":[{"@type":"SearchAction","target":{"@type":"EntryPoint","urlTemplate":"https:\/\/loscoffee.com.br\/?s={search_term_string}"},"query-input":"required name=search_term_string"}],"inLanguage":"en-US"},{"@type":"Organization","@id":"https:\/\/loscoffee.com.br\/#organization","name":"Los Coffee","url":"https:\/\/loscoffee.com.br\/","logo":{"@type":"ImageObject","inLanguage":"en-US","@id":"https:\/\/loscoffee.com.br\/#\/schema\/logo\/image\/","url":"https:\/\/loscoffee.com.br\/wp-content\/uploads\/2023\/06\/cropped-logo-black-site2-1.jpg","contentUrl":"https:\/\/loscoffee.com.br\/wp-content\/uploads\/2023\/06\/cropped-logo-black-site2-1.jpg","width":942,"height":338,"caption":"Los Coffee"},"image":{"@id":"https:\/\/loscoffee.com.br\/#\/schema\/logo\/image\/"},"sameAs":["https:\/\/www.instagram.com\/los.coffee.oficial\/?igshid=MzRlODBiNWFIZA"]}]}},"_links":{"self":[{"href":"https:\/\/loscoffee.com.br\/index.php\/wp-json\/wp\/v2\/pages\/237"}],"collection":[{"href":"https:\/\/loscoffee.com.br\/index.php\/wp-json\/wp\/v2\/pages"}],"about":[{"href":"https:\/\/loscoffee.com.br\/index.php\/wp-json\/wp\/v2\/types\/page"}],"author":[{"embeddable":true,"href":"https:\/\/loscoffee.com.br\/index.php\/wp-json\/wp\/v2\/users\/1"}],"replies":[{"embeddable":true,"href":"https:\/\/loscoffee.com.br\/index.php\/wp-json\/wp\/v2\/comments?post=237"}],"version-history":[{"count":6,"href":"https:\/\/loscoffee.com.br\/index.php\/wp-json\/wp\/v2\/pages\/237\/revisions"}],"predecessor-version":[{"id":348,"href":"https:\/\/loscoffee.com.br\/index.php\/wp-json\/wp\/v2\/pages\/237\/revisions\/348"}],"wp:attachment":[{"href":"https:\/\/loscoffee.com.br\/index.php\/wp-json\/wp\/v2\/media?parent=237"}],"curies":[{"name":"wp","href":"https:\/\/api.w.org\/{rel}","templated":true}]}}